{"id":4201,"date":"2024-11-12T17:44:39","date_gmt":"2024-11-12T09:44:39","guid":{"rendered":"https:\/\/www.hkls.org\/?page_id=4201"},"modified":"2025-05-28T09:58:25","modified_gmt":"2025-05-28T01:58:25","slug":"butterfly-news","status":"publish","type":"page","link":"http:\/\/www.hkls.org\/?page_id=4201","title":{"rendered":"Lep news"},"content":{"rendered":"\n<p>(15) <a href=\"https:\/\/www.hkls.org\/wp-admin\/post.php?post=4356&amp;action=edit\">A new Xylostola Hampson, 1908 species from eastern and south-eastern Asia (Lepidoptera, Noctuidae, Xyleninae) G\u00e1bor Ronkay &amp; L\u00e1szl\u00f3 Ronkay<\/a><\/p>\n\n\n\n<p>(14) <a href=\"https:\/\/www.hkls.org\/?page_id=4284\" data-type=\"link\" data-id=\"https:\/\/www.hkls.org\/?page_id=4284\">A new record for Hong Kong &#8211;<em>Tagiades cohaerens<\/em> Mabille, 1914 \u6efe\u908a\u88d9\u5f04\u8776<\/a> 1 December 2024<\/p>\n\n\n\n<p>(13)&nbsp;<a href=\"https:\/\/www.hkls.org\/?page_id=4227\">The work on the cryptic species<\/a> \u2013 <em>Hasora vitta indica <\/em>Evans, 1932 in Hong Kong 12 November 2024<br><br>(12) <a href=\"https:\/\/www.hkls.org\/?page_id=4236\"><em>Byasa <\/em>sp. in Hong Kong<\/a> 9 August 2024<\/p>\n\n\n\n<p>(11)&nbsp;<a href=\"https:\/\/www.hkls.org\/?page_id=4240\">A new record for Hong Kong<\/a> \u2013 <em>Anadevidia hebetata<\/em> (Butler, 1889) 24 May 2024<\/p>\n\n\n\n<p>(10) <a href=\"https:\/\/www.hkls.org\/?page_id=4244\"><em>Cepora nadina <\/em>(Lucas, 1852) \u9752\u5712\u7c89\u8776 <\/a>12 October 2016<\/p>\n\n\n\n<p>(9)&nbsp;<a href=\"https:\/\/www.hkls.org\/?page_id=4248\">The complete mitochondrial genome of the butterfly <em>Hasora anura<\/em> (Lepidoptera: Hesperiidae)<\/a> 24 November, 2015<\/p>\n\n\n\n<p>(8) <em>Y<\/em><a href=\"https:\/\/www.hkls.org\/?page_id=4251\"><em>pthima imitans<\/em> Elwes &amp; Edwards 1893 now confirmed in Hong Kong <\/a>1 September, 2015<\/p>\n\n\n\n<p>(7)&nbsp;<a href=\"https:\/\/www.hkls.org\/?page_id=4257\"><em>Hasora vitta <\/em>(Butler, 1870) DNA Bar Coding <\/a>7 August, 2015<br>\u201cThe complete mitochondrial genome of <em>Hasora vitta<\/em> (Butler, 1870) (Lepidoptera: Hesperiidae)\u201c.<br><br>(6)&nbsp;<a href=\"https:\/\/www.hkls.org\/?page_id=4256\">Skippers added to Red Data Endangered Species Listing \u5f04\u8776\u52a0\u5165\u7d05\u8272\u7015\u5371\u7269\u7a2e\u540d\u55ae<\/a> 11 January, 2015<\/p>\n\n\n\n<p>(5)&nbsp;<em>Notocrypta paralysos <\/em>(Wood-Mason &amp; de Nic\u00e9ville, 1881)\u7a84\u7d0b\u8896\u5f04\u8776 17 June, 2014<\/p>\n\n\n\n<p>(4)&nbsp;<a href=\"https:\/\/www.hkls.org\/?page_id=4264\"><em>Bibasis jaina jaina <\/em>(Moore, [1866]) \u6a59\u7fc5\u5098\u5f04\u8776<\/a> 9 June 2014<\/p>\n\n\n\n<p>(3)&nbsp;<a href=\"https:\/\/www.hkls.org\/?page_id=4266\">Straight-banded Tree Brown \u7389\u5e36\u9edb\u773c\u8776 <em>Lethe verma <\/em>(Kollar, [1844]) <\/a>1 June 2014<\/p>\n\n\n\n<p>(2) <a href=\"https:\/\/www.hkls.org\/?page_id=4259\">A new local skipper record confirmed- <em>Bibasis jaina<\/em> (Moore, [1866])<\/a> 4 August, 2013<\/p>\n\n\n\n<p>(1) <a href=\"https:\/\/www.hkls.org\/?page_id=4271\">The relic of the Hong Kong<\/a> 8 November, 2012<\/p>\n\n\n\n<p><\/p>\n\n\n\n<p><\/p>\n\n\n\n<p><br><\/p>\n\n\n\n<p><br><\/p>\n","protected":false},"excerpt":{"rendered":"<p>(15) A new Xylostola Hampson, 1908 species from eastern and south-eastern Asia (Lepidoptera, Noctuidae, Xyleninae) G\u00e1bor Ronkay &amp; L\u00e1szl\u00f3 Ronkay (14) A new record for Hong Kong &#8211;Tagiades cohaerens Mabille, 1914 \u6efe\u908a\u88d9\u5f04\u8776 1 December 2024 (13)&nbsp;The work on the cryptic &hellip; <a href=\"http:\/\/www.hkls.org\/?page_id=4201\">Continue reading <span class=\"meta-nav\">&rarr;<\/span><\/a><\/p>\n","protected":false},"author":2,"featured_media":0,"parent":0,"menu_order":0,"comment_status":"closed","ping_status":"closed","template":"","meta":{"footnotes":""},"class_list":["post-4201","page","type-page","status-publish","hentry"],"_links":{"self":[{"href":"http:\/\/www.hkls.org\/index.php?rest_route=\/wp\/v2\/pages\/4201","targetHints":{"allow":["GET"]}}],"collection":[{"href":"http:\/\/www.hkls.org\/index.php?rest_route=\/wp\/v2\/pages"}],"about":[{"href":"http:\/\/www.hkls.org\/index.php?rest_route=\/wp\/v2\/types\/page"}],"author":[{"embeddable":true,"href":"http:\/\/www.hkls.org\/index.php?rest_route=\/wp\/v2\/users\/2"}],"replies":[{"embeddable":true,"href":"http:\/\/www.hkls.org\/index.php?rest_route=%2Fwp%2Fv2%2Fcomments&post=4201"}],"version-history":[{"count":12,"href":"http:\/\/www.hkls.org\/index.php?rest_route=\/wp\/v2\/pages\/4201\/revisions"}],"predecessor-version":[{"id":4363,"href":"http:\/\/www.hkls.org\/index.php?rest_route=\/wp\/v2\/pages\/4201\/revisions\/4363"}],"wp:attachment":[{"href":"http:\/\/www.hkls.org\/index.php?rest_route=%2Fwp%2Fv2%2Fmedia&parent=4201"}],"curies":[{"name":"wp","href":"https:\/\/api.w.org\/{rel}","templated":true}]}}