{"id":4356,"date":"2025-05-28T09:56:37","date_gmt":"2025-05-28T01:56:37","guid":{"rendered":"https:\/\/www.hkls.org\/?page_id=4356"},"modified":"2025-05-28T09:56:37","modified_gmt":"2025-05-28T01:56:37","slug":"15-a-new-xylostola-hampson-1908-species-from-eastern-and-south-eastern-asia-lepidoptera-noctuidae-xyleninae-gabor-ronkay-laszlo-ronkay","status":"publish","type":"page","link":"http:\/\/www.hkls.org\/?page_id=4356","title":{"rendered":"(15) A new Xylostola Hampson, 1908 species from eastern and south-eastern Asia (Lepidoptera, Noctuidae, Xyleninae)                                     G\u00e1bor Ronkay &amp; L\u00e1szl\u00f3 Ronkay"},"content":{"rendered":"\n<p><\/p>\n\n\n\n<p>Abstract: The eastern Asiatic species of the <em>Xylostola indistincta<\/em> (Moore, 1882) species complex are revised and a new species, <em>Xylostola jamesyoungi<\/em> sp. nov. is described. The adults and the genitalia of both sexes are illustrated for three species: <em>X. indistincta<\/em>, <em>X. jamesyoungi<\/em>, and the African <em>X. punctum<\/em> Berio, 1956. A lectotype is designated for <em>X. indistincta<\/em>.<\/p>\n\n\n\n<div data-wp-interactive=\"core\/file\" class=\"wp-block-file\"><object data-wp-bind--hidden=\"!state.hasPdfPreview\" hidden class=\"wp-block-file__embed\" data=\"http:\/\/www.hkls.org\/wp-content\/uploads\/2025\/05\/RSZ132_200Ronkay_Ronkay-1.pdf\" type=\"application\/pdf\" style=\"width:100%;height:600px\" aria-label=\"Embed of RSZ132_200Ronkay_Ronkay (1).\"><\/object><a id=\"wp-block-file--media-faa49269-e6bc-4229-a73c-7e3ccbef6af9\" href=\"http:\/\/www.hkls.org\/wp-content\/uploads\/2025\/05\/RSZ132_200Ronkay_Ronkay-1.pdf\">RSZ132_200Ronkay_Ronkay (1)<\/a><a href=\"http:\/\/www.hkls.org\/wp-content\/uploads\/2025\/05\/RSZ132_200Ronkay_Ronkay-1.pdf\" class=\"wp-block-file__button wp-element-button\" download aria-describedby=\"wp-block-file--media-faa49269-e6bc-4229-a73c-7e3ccbef6af9\">Download<\/a><\/div>\n","protected":false},"excerpt":{"rendered":"<p>Abstract: The eastern Asiatic species of the Xylostola indistincta (Moore, 1882) species complex are revised and a new species, Xylostola jamesyoungi sp. nov. is described. The adults and the genitalia of both sexes are illustrated for three species: X. indistincta, &hellip; <a href=\"http:\/\/www.hkls.org\/?page_id=4356\">Continue reading <span class=\"meta-nav\">&rarr;<\/span><\/a><\/p>\n","protected":false},"author":2,"featured_media":0,"parent":4201,"menu_order":15,"comment_status":"closed","ping_status":"closed","template":"","meta":{"footnotes":""},"class_list":["post-4356","page","type-page","status-publish","hentry"],"_links":{"self":[{"href":"http:\/\/www.hkls.org\/index.php?rest_route=\/wp\/v2\/pages\/4356","targetHints":{"allow":["GET"]}}],"collection":[{"href":"http:\/\/www.hkls.org\/index.php?rest_route=\/wp\/v2\/pages"}],"about":[{"href":"http:\/\/www.hkls.org\/index.php?rest_route=\/wp\/v2\/types\/page"}],"author":[{"embeddable":true,"href":"http:\/\/www.hkls.org\/index.php?rest_route=\/wp\/v2\/users\/2"}],"replies":[{"embeddable":true,"href":"http:\/\/www.hkls.org\/index.php?rest_route=%2Fwp%2Fv2%2Fcomments&post=4356"}],"version-history":[{"count":2,"href":"http:\/\/www.hkls.org\/index.php?rest_route=\/wp\/v2\/pages\/4356\/revisions"}],"predecessor-version":[{"id":4362,"href":"http:\/\/www.hkls.org\/index.php?rest_route=\/wp\/v2\/pages\/4356\/revisions\/4362"}],"up":[{"embeddable":true,"href":"http:\/\/www.hkls.org\/index.php?rest_route=\/wp\/v2\/pages\/4201"}],"wp:attachment":[{"href":"http:\/\/www.hkls.org\/index.php?rest_route=%2Fwp%2Fv2%2Fmedia&parent=4356"}],"curies":[{"name":"wp","href":"https:\/\/api.w.org\/{rel}","templated":true}]}}